{"id":18,"date":"2026-02-03T18:41:55","date_gmt":"2026-02-03T17:41:55","guid":{"rendered":"https:\/\/uslugi-elektryczne-poznan.pl\/?page_id=18"},"modified":"2026-04-14T17:25:43","modified_gmt":"2026-04-14T15:25:43","slug":"uslugi-elektryczne-poznan","status":"publish","type":"page","link":"https:\/\/uslugi-elektryczne-poznan.pl\/","title":{"rendered":"Us\u0142ugi elektryczne Pozna\u0144"},"content":{"rendered":"\t\t<div data-elementor-type=\"wp-page\" data-elementor-id=\"18\" class=\"elementor elementor-18\" data-elementor-post-type=\"page\">\n\t\t\t\t<div class=\"elementor-element elementor-element-bf4be67 e-flex e-con-boxed e-con e-parent\" data-id=\"bf4be67\" data-element_type=\"container\" data-e-type=\"container\" data-settings=\"{&quot;background_background&quot;:&quot;classic&quot;}\">\n\t\t\t\t\t<div class=\"e-con-inner\">\n\t\t\t\t<div class=\"elementor-element elementor-element-492b958 elementor-widget elementor-widget-image\" data-id=\"492b958\" data-element_type=\"widget\" data-e-type=\"widget\" data-widget_type=\"image.default\">\n\t\t\t\t\t\t\t\t\t\t\t\t\t\t\t<img decoding=\"async\" src=\"https:\/\/uslugi-elektryczne-poznan.pl\/wp-content\/uploads\/elementor\/thumbs\/uslugi-elektryczne-poznan-rime63ppjbuy918fs9w2cxebxwhtf5mfok7srrfgsw.png\" title=\"uslugi-elektryczne-poznan\" alt=\"Us\u0142ugi elektryczne Pozna\u0144\" loading=\"lazy\" \/>\t\t\t\t\t\t\t\t\t\t\t\t\t\t\t<\/div>\n\t\t\t\t<div class=\"elementor-element elementor-element-0b3190e elementor-widget elementor-widget-heading\" data-id=\"0b3190e\" data-element_type=\"widget\" data-e-type=\"widget\" data-widget_type=\"heading.default\">\n\t\t\t\t\t<h1 class=\"elementor-heading-title elementor-size-default\">Us\u0142ugi elektryczne Pozna\u0144<\/h1>\t\t\t\t<\/div>\n\t\t\t\t<div class=\"elementor-element elementor-element-723e266 elementor-widget elementor-widget-heading\" data-id=\"723e266\" data-element_type=\"widget\" data-e-type=\"widget\" data-widget_type=\"heading.default\">\n\t\t\t\t\t<h2 class=\"elementor-heading-title elementor-size-default\">fachowo, bezpiecznie, na lata<\/h2>\t\t\t\t<\/div>\n\t\t\t\t<div class=\"elementor-element elementor-element-4b434f0 elementor-widget elementor-widget-text-editor\" data-id=\"4b434f0\" data-element_type=\"widget\" data-e-type=\"widget\" data-widget_type=\"text-editor.default\">\n\t\t\t\t\t\t\t\t\t<p>Szukasz sprawdzonego elektryka w Poznaniu, kt\u00f3ry nie robi fuszerek i nie znika po zaliczce?<\/p><p>Dobrze trafi\u0142e\u015b. Zajmuj\u0119 si\u0119 kompleksowymi us\u0142ugami elektrycznymi \u2013 od monta\u017cu i modernizacji instalacji, przez naprawy i przegl\u0105dy, po pomiary i konsultacje techniczne.<\/p>\t\t\t\t\t\t\t\t<\/div>\n\t\t\t\t\t<\/div>\n\t\t\t\t<\/div>\n\t\t<div class=\"elementor-element elementor-element-b77d9ae e-flex e-con-boxed e-con e-parent\" data-id=\"b77d9ae\" data-element_type=\"container\" data-e-type=\"container\">\n\t\t\t\t\t<div class=\"e-con-inner\">\n\t\t\t\t<div class=\"elementor-element elementor-element-da09490 elementor-widget elementor-widget-text-editor\" data-id=\"da09490\" data-element_type=\"widget\" data-e-type=\"widget\" data-widget_type=\"text-editor.default\">\n\t\t\t\t\t\t\t\t\t<p>Pracuj\u0119 w Poznaniu i okolicach, zawsze z naciskiem na bezpiecze\u0144stwo, estetyk\u0119 i trwa\u0142o\u015b\u0107 instalacji.<\/p><p>Nie obiecuj\u0119 \u201etanio\u201d. Obiecuj\u0119 porz\u0105dnie \u2013 z pomiarem, dokumentacj\u0105 i odpowiedzialno\u015bci\u0105 za ka\u017cdy przew\u00f3d.<\/p>\t\t\t\t\t\t\t\t<\/div>\n\t\t\t\t\t<\/div>\n\t\t\t\t<\/div>\n\t\t<div class=\"elementor-element elementor-element-c38f265 e-flex e-con-boxed e-con e-parent\" data-id=\"c38f265\" data-element_type=\"container\" data-e-type=\"container\" data-settings=\"{&quot;background_background&quot;:&quot;classic&quot;}\">\n\t\t\t\t\t<div class=\"e-con-inner\">\n\t\t\t\t<div class=\"elementor-element elementor-element-891c955 elementor-widget elementor-widget-heading\" data-id=\"891c955\" data-element_type=\"widget\" data-e-type=\"widget\" data-widget_type=\"heading.default\">\n\t\t\t\t\t<h2 class=\"elementor-heading-title elementor-size-default\">Zakres us\u0142ug elektrycznych:<\/h2>\t\t\t\t<\/div>\n\t\t\t\t<div class=\"elementor-element elementor-element-651c4d0 elementor-align-center elementor-icon-list--layout-traditional elementor-list-item-link-full_width elementor-widget elementor-widget-icon-list\" data-id=\"651c4d0\" data-element_type=\"widget\" data-e-type=\"widget\" data-widget_type=\"icon-list.default\">\n\t\t\t\t\t\t\t<ul class=\"elementor-icon-list-items\">\n\t\t\t\t\t\t\t<li class=\"elementor-icon-list-item\">\n\t\t\t\t\t\t\t\t\t\t\t<span class=\"elementor-icon-list-icon\">\n\t\t\t\t\t\t\t<svg aria-hidden=\"true\" class=\"e-font-icon-svg e-fas-check\" viewBox=\"0 0 512 512\" xmlns=\"http:\/\/www.w3.org\/2000\/svg\"><path d=\"M173.898 439.404l-166.4-166.4c-9.997-9.997-9.997-26.206 0-36.204l36.203-36.204c9.997-9.998 26.207-9.998 36.204 0L192 312.69 432.095 72.596c9.997-9.997 26.207-9.997 36.204 0l36.203 36.204c9.997 9.997 9.997 26.206 0 36.204l-294.4 294.401c-9.998 9.997-26.207 9.997-36.204-.001z\"><\/path><\/svg>\t\t\t\t\t\t<\/span>\n\t\t\t\t\t\t\t\t\t\t<span class=\"elementor-icon-list-text\">monta\u017c i wymiana instalacji elektrycznych<\/span>\n\t\t\t\t\t\t\t\t\t<\/li>\n\t\t\t\t\t\t\t\t<li class=\"elementor-icon-list-item\">\n\t\t\t\t\t\t\t\t\t\t\t<span class=\"elementor-icon-list-icon\">\n\t\t\t\t\t\t\t<svg aria-hidden=\"true\" class=\"e-font-icon-svg e-fas-check\" viewBox=\"0 0 512 512\" xmlns=\"http:\/\/www.w3.org\/2000\/svg\"><path d=\"M173.898 439.404l-166.4-166.4c-9.997-9.997-9.997-26.206 0-36.204l36.203-36.204c9.997-9.998 26.207-9.998 36.204 0L192 312.69 432.095 72.596c9.997-9.997 26.207-9.997 36.204 0l36.203 36.204c9.997 9.997 9.997 26.206 0 36.204l-294.4 294.401c-9.998 9.997-26.207 9.997-36.204-.001z\"><\/path><\/svg>\t\t\t\t\t\t<\/span>\n\t\t\t\t\t\t\t\t\t\t<span class=\"elementor-icon-list-text\">modernizacja i przer\u00f3bki obwod\u00f3w<\/span>\n\t\t\t\t\t\t\t\t\t<\/li>\n\t\t\t\t\t\t\t\t<li class=\"elementor-icon-list-item\">\n\t\t\t\t\t\t\t\t\t\t\t<span class=\"elementor-icon-list-icon\">\n\t\t\t\t\t\t\t<svg aria-hidden=\"true\" class=\"e-font-icon-svg e-fas-check\" viewBox=\"0 0 512 512\" xmlns=\"http:\/\/www.w3.org\/2000\/svg\"><path d=\"M173.898 439.404l-166.4-166.4c-9.997-9.997-9.997-26.206 0-36.204l36.203-36.204c9.997-9.998 26.207-9.998 36.204 0L192 312.69 432.095 72.596c9.997-9.997 26.207-9.997 36.204 0l36.203 36.204c9.997 9.997 9.997 26.206 0 36.204l-294.4 294.401c-9.998 9.997-26.207 9.997-36.204-.001z\"><\/path><\/svg>\t\t\t\t\t\t<\/span>\n\t\t\t\t\t\t\t\t\t\t<span class=\"elementor-icon-list-text\">naprawy i usuwanie awarii<\/span>\n\t\t\t\t\t\t\t\t\t<\/li>\n\t\t\t\t\t\t\t\t<li class=\"elementor-icon-list-item\">\n\t\t\t\t\t\t\t\t\t\t\t<span class=\"elementor-icon-list-icon\">\n\t\t\t\t\t\t\t<svg aria-hidden=\"true\" class=\"e-font-icon-svg e-fas-check\" viewBox=\"0 0 512 512\" xmlns=\"http:\/\/www.w3.org\/2000\/svg\"><path d=\"M173.898 439.404l-166.4-166.4c-9.997-9.997-9.997-26.206 0-36.204l36.203-36.204c9.997-9.998 26.207-9.998 36.204 0L192 312.69 432.095 72.596c9.997-9.997 26.207-9.997 36.204 0l36.203 36.204c9.997 9.997 9.997 26.206 0 36.204l-294.4 294.401c-9.998 9.997-26.207 9.997-36.204-.001z\"><\/path><\/svg>\t\t\t\t\t\t<\/span>\n\t\t\t\t\t\t\t\t\t\t<span class=\"elementor-icon-list-text\">pomiary instalacji elektrycznych<\/span>\n\t\t\t\t\t\t\t\t\t<\/li>\n\t\t\t\t\t\t\t\t<li class=\"elementor-icon-list-item\">\n\t\t\t\t\t\t\t\t\t\t\t<span class=\"elementor-icon-list-icon\">\n\t\t\t\t\t\t\t<svg aria-hidden=\"true\" class=\"e-font-icon-svg e-fas-check\" viewBox=\"0 0 512 512\" xmlns=\"http:\/\/www.w3.org\/2000\/svg\"><path d=\"M173.898 439.404l-166.4-166.4c-9.997-9.997-9.997-26.206 0-36.204l36.203-36.204c9.997-9.998 26.207-9.998 36.204 0L192 312.69 432.095 72.596c9.997-9.997 26.207-9.997 36.204 0l36.203 36.204c9.997 9.997 9.997 26.206 0 36.204l-294.4 294.401c-9.998 9.997-26.207 9.997-36.204-.001z\"><\/path><\/svg>\t\t\t\t\t\t<\/span>\n\t\t\t\t\t\t\t\t\t\t<span class=\"elementor-icon-list-text\">wymiana rozdzielnic i zabezpiecze\u0144<\/span>\n\t\t\t\t\t\t\t\t\t<\/li>\n\t\t\t\t\t\t\t\t<li class=\"elementor-icon-list-item\">\n\t\t\t\t\t\t\t\t\t\t\t<span class=\"elementor-icon-list-icon\">\n\t\t\t\t\t\t\t<svg aria-hidden=\"true\" class=\"e-font-icon-svg e-fas-check\" viewBox=\"0 0 512 512\" xmlns=\"http:\/\/www.w3.org\/2000\/svg\"><path d=\"M173.898 439.404l-166.4-166.4c-9.997-9.997-9.997-26.206 0-36.204l36.203-36.204c9.997-9.998 26.207-9.998 36.204 0L192 312.69 432.095 72.596c9.997-9.997 26.207-9.997 36.204 0l36.203 36.204c9.997 9.997 9.997 26.206 0 36.204l-294.4 294.401c-9.998 9.997-26.207 9.997-36.204-.001z\"><\/path><\/svg>\t\t\t\t\t\t<\/span>\n\t\t\t\t\t\t\t\t\t\t<span class=\"elementor-icon-list-text\">konsultacje przed remontem lub rozbudow\u0105 instalacji<\/span>\n\t\t\t\t\t\t\t\t\t<\/li>\n\t\t\t\t\t\t<\/ul>\n\t\t\t\t\t\t<\/div>\n\t\t\t\t<div class=\"elementor-element elementor-element-1dc0e85 elementor-widget elementor-widget-text-editor\" data-id=\"1dc0e85\" data-element_type=\"widget\" data-e-type=\"widget\" data-widget_type=\"text-editor.default\">\n\t\t\t\t\t\t\t\t\t<p>Ka\u017cda us\u0142uga ko\u0144czy si\u0119 pomiarem i kontrol\u0105 dzia\u0142ania \u2013 tak, \u017ceby mie\u0107 pewno\u015b\u0107, \u017ce wszystko jest zrobione zgodnie z normami i zdrowym rozs\u0105dkiem.<\/p>\t\t\t\t\t\t\t\t<\/div>\n\t\t\t\t\t<\/div>\n\t\t\t\t<\/div>\n\t\t<div class=\"elementor-element elementor-element-e6a8251 e-flex e-con-boxed e-con e-parent\" data-id=\"e6a8251\" data-element_type=\"container\" data-e-type=\"container\">\n\t\t\t\t\t<div class=\"e-con-inner\">\n\t\t\t\t<div class=\"elementor-element elementor-element-1cf8609 elementor-widget elementor-widget-heading\" data-id=\"1cf8609\" data-element_type=\"widget\" data-e-type=\"widget\" data-widget_type=\"heading.default\">\n\t\t\t\t\t<h2 class=\"elementor-heading-title elementor-size-default\">Dlaczego warto wybra\u0107 fachowca z Poznania?<\/h2>\t\t\t\t<\/div>\n\t\t\t\t<div class=\"elementor-element elementor-element-c7daa14 elementor-widget elementor-widget-text-editor\" data-id=\"c7daa14\" data-element_type=\"widget\" data-e-type=\"widget\" data-widget_type=\"text-editor.default\">\n\t\t\t\t\t\t\t\t\t<p>Bo to nie tylko kwestia kabli i gniazdek. Dobra instalacja elektryczna to bezpiecze\u0144stwo twojego domu i sprz\u0119tu. Zamiast zgadywa\u0107, gdzie co\u015b nie dzia\u0142a \u2013 lepiej zleci\u0107 to komu\u015b, kto mierzy, sprawdza i wie, co robi.<\/p><p>Dzia\u0142am uczciwie, terminowo i bez zaskocze\u0144 cenowych. Ka\u017cda praca zaczyna si\u0119 od rozmowy, ko\u0144czy na pomiarze \u2013 bez \u201ejako\u015b to b\u0119dzie\u201d.<\/p>\t\t\t\t\t\t\t\t<\/div>\n\t\t\t\t<div class=\"elementor-element elementor-element-cd011f7 elementor-widget elementor-widget-heading\" data-id=\"cd011f7\" data-element_type=\"widget\" data-e-type=\"widget\" data-widget_type=\"heading.default\">\n\t\t\t\t\t<h2 class=\"elementor-heading-title elementor-size-default\">Dzia\u0142am lokalnie \u2013 Pozna\u0144 i okolice<\/h2>\t\t\t\t<\/div>\n\t\t\t\t<div class=\"elementor-element elementor-element-352b9ad elementor-widget elementor-widget-text-editor\" data-id=\"352b9ad\" data-element_type=\"widget\" data-e-type=\"widget\" data-widget_type=\"text-editor.default\">\n\t\t\t\t\t\t\t\t\t<p>Realizuj\u0119 zlecenia na terenie ca\u0142ego Poznania (Je\u017cyce, Grunwald, Rataje, Winogrady, Pi\u0105tkowo, Wilda) oraz w pobliskich miejscowo\u015bciach: Dopiewo, Lubo\u0144, Swarz\u0119dz, Komorniki, Suchy Las, Mosina, Rokietnica i inne.<\/p><p><strong>Szybki dojazd, konkretne terminy, jasne zasady wsp\u00f3\u0142pracy.<\/strong><\/p>\t\t\t\t\t\t\t\t<\/div>\n\t\t\t\t\t<\/div>\n\t\t\t\t<\/div>\n\t\t<div class=\"elementor-element elementor-element-521fd62 e-flex e-con-boxed e-con e-parent\" data-id=\"521fd62\" data-element_type=\"container\" data-e-type=\"container\" data-settings=\"{&quot;background_background&quot;:&quot;classic&quot;}\">\n\t\t\t\t\t<div class=\"e-con-inner\">\n\t\t\t\t<div class=\"elementor-element elementor-element-d6df0b4 elementor-widget elementor-widget-heading\" data-id=\"d6df0b4\" data-element_type=\"widget\" data-e-type=\"widget\" data-widget_type=\"heading.default\">\n\t\t\t\t\t<h2 class=\"elementor-heading-title elementor-size-default\">Skontaktuj si\u0119<\/h2>\t\t\t\t<\/div>\n\t\t\t\t<div class=\"elementor-element elementor-element-e511b0a elementor-widget elementor-widget-text-editor\" data-id=\"e511b0a\" data-element_type=\"widget\" data-e-type=\"widget\" data-widget_type=\"text-editor.default\">\n\t\t\t\t\t\t\t\t\t<p>Potrzebujesz elektryka w Poznaniu?<\/p><p>Zadzwo\u0144, napisz lub przejd\u017a na moj\u0105 stron\u0119 g\u0142\u00f3wn\u0105, gdzie znajdziesz pe\u0142n\u0105 ofert\u0119, cennik i formularz kontaktowy.<\/p>\t\t\t\t\t\t\t\t<\/div>\n\t\t\t\t<div class=\"elementor-element elementor-element-74e137c elementor-widget elementor-widget-text-editor\" data-id=\"74e137c\" data-element_type=\"widget\" data-e-type=\"widget\" data-widget_type=\"text-editor.default\">\n\t\t\t\t\t\t\t\t\t<p>+48 531 119 906<br \/><a href=\"mailto:kontakt@twoj-elektryk-poznan.pl\">kontakt@twoj-elektryk-poznan.pl<\/a><br \/><a href=\"https:\/\/twoj-elektryk-poznan.pl\/\" rel=\"noopener\">www.twoj-elektryk-poznan.pl<\/a><\/p>\t\t\t\t\t\t\t\t<\/div>\n\t\t\t\t\t<\/div>\n\t\t\t\t<\/div>\n\t\t\t\t<\/div>\n\t\t","protected":false},"excerpt":{"rendered":"<p>Us\u0142ugi elektryczne Pozna\u0144 fachowo, bezpiecznie, na lata Szukasz sprawdzonego elektryka w Poznaniu, kt\u00f3ry nie robi fuszerek i nie znika po zaliczce? Dobrze trafi\u0142e\u015b. Zajmuj\u0119 si\u0119 kompleksowymi us\u0142ugami elektrycznymi \u2013 od monta\u017cu i modernizacji instalacji, przez naprawy i przegl\u0105dy, po pomiary i konsultacje techniczne. Pracuj\u0119 w Poznaniu i okolicach, zawsze z naciskiem na bezpiecze\u0144stwo, estetyk\u0119 i [&hellip;]<\/p>\n","protected":false},"author":1,"featured_media":0,"parent":0,"menu_order":0,"comment_status":"closed","ping_status":"closed","template":"","meta":{"footnotes":""},"class_list":["post-18","page","type-page","status-publish","hentry"],"yoast_head":"<!-- This site is optimized with the Yoast SEO plugin v27.4 - https:\/\/yoast.com\/product\/yoast-seo-wordpress\/ -->\n<title>Us\u0142ugi elektryczne Pozna\u0144 \u2013 monta\u017c, naprawy, pomiary<\/title>\n<meta name=\"description\" content=\"Profesjonalne us\u0142ugi elektryczne w Poznaniu. Monta\u017c i wymiana instalacji, pomiary, naprawy i konsultacje. Solidnie, bez fuszerek.\" \/>\n<meta name=\"robots\" content=\"index, follow, max-snippet:-1, max-image-preview:large, max-video-preview:-1\" \/>\n<link rel=\"canonical\" href=\"https:\/\/twoj-elektryk-poznan.pl\/\" \/>\n<meta property=\"og:locale\" content=\"pl_PL\" \/>\n<meta property=\"og:type\" content=\"article\" \/>\n<meta property=\"og:title\" content=\"Us\u0142ugi elektryczne Pozna\u0144 \u2013 monta\u017c, naprawy, pomiary\" \/>\n<meta property=\"og:description\" content=\"Profesjonalne us\u0142ugi elektryczne w Poznaniu. Monta\u017c i wymiana instalacji, pomiary, naprawy i konsultacje. Solidnie, bez fuszerek.\" \/>\n<meta property=\"og:url\" content=\"https:\/\/twoj-elektryk-poznan.pl\/\" \/>\n<meta property=\"og:site_name\" content=\"Us\u0142ugi elektryczne Pozna\u0144\" \/>\n<meta property=\"article:modified_time\" content=\"2026-04-14T15:25:43+00:00\" \/>\n<meta property=\"og:image\" content=\"https:\/\/uslugi-elektryczne-poznan.pl\/wp-content\/uploads\/2026\/02\/uslugi-elektryczne-poznan-150x150.png\" \/>\n<meta name=\"twitter:card\" content=\"summary_large_image\" \/>\n<meta name=\"twitter:label1\" content=\"Szacowany czas czytania\" \/>\n\t<meta name=\"twitter:data1\" content=\"2 minuty\" \/>\n<script type=\"application\/ld+json\" class=\"yoast-schema-graph\">{\"@context\":\"https:\\\/\\\/schema.org\",\"@graph\":[{\"@type\":\"WebPage\",\"@id\":\"https:\\\/\\\/uslugi-elektryczne-poznan.pl\\\/\",\"url\":\"https:\\\/\\\/twoj-elektryk-poznan.pl\\\/\",\"name\":\"Us\u0142ugi elektryczne Pozna\u0144 \u2013 monta\u017c, naprawy, pomiary\",\"isPartOf\":{\"@id\":\"https:\\\/\\\/uslugi-elektryczne-poznan.pl\\\/#website\"},\"primaryImageOfPage\":{\"@id\":\"https:\\\/\\\/twoj-elektryk-poznan.pl\\\/#primaryimage\"},\"image\":{\"@id\":\"https:\\\/\\\/twoj-elektryk-poznan.pl\\\/#primaryimage\"},\"thumbnailUrl\":\"https:\\\/\\\/uslugi-elektryczne-poznan.pl\\\/wp-content\\\/uploads\\\/2026\\\/02\\\/uslugi-elektryczne-poznan-150x150.png\",\"datePublished\":\"2026-02-03T17:41:55+00:00\",\"dateModified\":\"2026-04-14T15:25:43+00:00\",\"description\":\"Profesjonalne us\u0142ugi elektryczne w Poznaniu. Monta\u017c i wymiana instalacji, pomiary, naprawy i konsultacje. Solidnie, bez fuszerek.\",\"breadcrumb\":{\"@id\":\"https:\\\/\\\/twoj-elektryk-poznan.pl\\\/#breadcrumb\"},\"inLanguage\":\"pl-PL\",\"potentialAction\":[{\"@type\":\"ReadAction\",\"target\":[\"https:\\\/\\\/twoj-elektryk-poznan.pl\\\/\"]}]},{\"@type\":\"ImageObject\",\"inLanguage\":\"pl-PL\",\"@id\":\"https:\\\/\\\/twoj-elektryk-poznan.pl\\\/#primaryimage\",\"url\":\"https:\\\/\\\/uslugi-elektryczne-poznan.pl\\\/wp-content\\\/uploads\\\/2026\\\/02\\\/uslugi-elektryczne-poznan.png\",\"contentUrl\":\"https:\\\/\\\/uslugi-elektryczne-poznan.pl\\\/wp-content\\\/uploads\\\/2026\\\/02\\\/uslugi-elektryczne-poznan.png\",\"width\":200,\"height\":200,\"caption\":\"Us\u0142ugi elektryczne Pozna\u0144\"},{\"@type\":\"BreadcrumbList\",\"@id\":\"https:\\\/\\\/twoj-elektryk-poznan.pl\\\/#breadcrumb\",\"itemListElement\":[{\"@type\":\"ListItem\",\"position\":1,\"name\":\"Strona g\u0142\u00f3wna\",\"item\":\"https:\\\/\\\/uslugi-elektryczne-poznan.pl\\\/\"},{\"@type\":\"ListItem\",\"position\":2,\"name\":\"Us\u0142ugi elektryczne Pozna\u0144\"}]},{\"@type\":\"WebSite\",\"@id\":\"https:\\\/\\\/uslugi-elektryczne-poznan.pl\\\/#website\",\"url\":\"https:\\\/\\\/uslugi-elektryczne-poznan.pl\\\/\",\"name\":\"Us\u0142ugi elektryczne Pozna\u0144\",\"description\":\"monta\u017c, naprawy, pomiary\",\"publisher\":{\"@id\":\"https:\\\/\\\/uslugi-elektryczne-poznan.pl\\\/#organization\"},\"potentialAction\":[{\"@type\":\"SearchAction\",\"target\":{\"@type\":\"EntryPoint\",\"urlTemplate\":\"https:\\\/\\\/uslugi-elektryczne-poznan.pl\\\/?s={search_term_string}\"},\"query-input\":{\"@type\":\"PropertyValueSpecification\",\"valueRequired\":true,\"valueName\":\"search_term_string\"}}],\"inLanguage\":\"pl-PL\"},{\"@type\":\"Organization\",\"@id\":\"https:\\\/\\\/uslugi-elektryczne-poznan.pl\\\/#organization\",\"name\":\"Us\u0142ugi elektryczne Pozna\u0144\",\"url\":\"https:\\\/\\\/uslugi-elektryczne-poznan.pl\\\/\",\"logo\":{\"@type\":\"ImageObject\",\"inLanguage\":\"pl-PL\",\"@id\":\"https:\\\/\\\/uslugi-elektryczne-poznan.pl\\\/#\\\/schema\\\/logo\\\/image\\\/\",\"url\":\"https:\\\/\\\/uslugi-elektryczne-poznan.pl\\\/wp-content\\\/uploads\\\/2026\\\/02\\\/uslugi-elektryczne-poznan.png\",\"contentUrl\":\"https:\\\/\\\/uslugi-elektryczne-poznan.pl\\\/wp-content\\\/uploads\\\/2026\\\/02\\\/uslugi-elektryczne-poznan.png\",\"width\":200,\"height\":200,\"caption\":\"Us\u0142ugi elektryczne Pozna\u0144\"},\"image\":{\"@id\":\"https:\\\/\\\/uslugi-elektryczne-poznan.pl\\\/#\\\/schema\\\/logo\\\/image\\\/\"}}]}<\/script>\n<!-- \/ Yoast SEO plugin. -->","yoast_head_json":{"title":"Us\u0142ugi elektryczne Pozna\u0144 \u2013 monta\u017c, naprawy, pomiary","description":"Profesjonalne us\u0142ugi elektryczne w Poznaniu. Monta\u017c i wymiana instalacji, pomiary, naprawy i konsultacje. Solidnie, bez fuszerek.","robots":{"index":"index","follow":"follow","max-snippet":"max-snippet:-1","max-image-preview":"max-image-preview:large","max-video-preview":"max-video-preview:-1"},"canonical":"https:\/\/twoj-elektryk-poznan.pl\/","og_locale":"pl_PL","og_type":"article","og_title":"Us\u0142ugi elektryczne Pozna\u0144 \u2013 monta\u017c, naprawy, pomiary","og_description":"Profesjonalne us\u0142ugi elektryczne w Poznaniu. Monta\u017c i wymiana instalacji, pomiary, naprawy i konsultacje. Solidnie, bez fuszerek.","og_url":"https:\/\/twoj-elektryk-poznan.pl\/","og_site_name":"Us\u0142ugi elektryczne Pozna\u0144","article_modified_time":"2026-04-14T15:25:43+00:00","og_image":[{"url":"https:\/\/uslugi-elektryczne-poznan.pl\/wp-content\/uploads\/2026\/02\/uslugi-elektryczne-poznan-150x150.png","type":"","width":"","height":""}],"twitter_card":"summary_large_image","twitter_misc":{"Szacowany czas czytania":"2 minuty"},"schema":{"@context":"https:\/\/schema.org","@graph":[{"@type":"WebPage","@id":"https:\/\/uslugi-elektryczne-poznan.pl\/","url":"https:\/\/twoj-elektryk-poznan.pl\/","name":"Us\u0142ugi elektryczne Pozna\u0144 \u2013 monta\u017c, naprawy, pomiary","isPartOf":{"@id":"https:\/\/uslugi-elektryczne-poznan.pl\/#website"},"primaryImageOfPage":{"@id":"https:\/\/twoj-elektryk-poznan.pl\/#primaryimage"},"image":{"@id":"https:\/\/twoj-elektryk-poznan.pl\/#primaryimage"},"thumbnailUrl":"https:\/\/uslugi-elektryczne-poznan.pl\/wp-content\/uploads\/2026\/02\/uslugi-elektryczne-poznan-150x150.png","datePublished":"2026-02-03T17:41:55+00:00","dateModified":"2026-04-14T15:25:43+00:00","description":"Profesjonalne us\u0142ugi elektryczne w Poznaniu. Monta\u017c i wymiana instalacji, pomiary, naprawy i konsultacje. Solidnie, bez fuszerek.","breadcrumb":{"@id":"https:\/\/twoj-elektryk-poznan.pl\/#breadcrumb"},"inLanguage":"pl-PL","potentialAction":[{"@type":"ReadAction","target":["https:\/\/twoj-elektryk-poznan.pl\/"]}]},{"@type":"ImageObject","inLanguage":"pl-PL","@id":"https:\/\/twoj-elektryk-poznan.pl\/#primaryimage","url":"https:\/\/uslugi-elektryczne-poznan.pl\/wp-content\/uploads\/2026\/02\/uslugi-elektryczne-poznan.png","contentUrl":"https:\/\/uslugi-elektryczne-poznan.pl\/wp-content\/uploads\/2026\/02\/uslugi-elektryczne-poznan.png","width":200,"height":200,"caption":"Us\u0142ugi elektryczne Pozna\u0144"},{"@type":"BreadcrumbList","@id":"https:\/\/twoj-elektryk-poznan.pl\/#breadcrumb","itemListElement":[{"@type":"ListItem","position":1,"name":"Strona g\u0142\u00f3wna","item":"https:\/\/uslugi-elektryczne-poznan.pl\/"},{"@type":"ListItem","position":2,"name":"Us\u0142ugi elektryczne Pozna\u0144"}]},{"@type":"WebSite","@id":"https:\/\/uslugi-elektryczne-poznan.pl\/#website","url":"https:\/\/uslugi-elektryczne-poznan.pl\/","name":"Us\u0142ugi elektryczne Pozna\u0144","description":"monta\u017c, naprawy, pomiary","publisher":{"@id":"https:\/\/uslugi-elektryczne-poznan.pl\/#organization"},"potentialAction":[{"@type":"SearchAction","target":{"@type":"EntryPoint","urlTemplate":"https:\/\/uslugi-elektryczne-poznan.pl\/?s={search_term_string}"},"query-input":{"@type":"PropertyValueSpecification","valueRequired":true,"valueName":"search_term_string"}}],"inLanguage":"pl-PL"},{"@type":"Organization","@id":"https:\/\/uslugi-elektryczne-poznan.pl\/#organization","name":"Us\u0142ugi elektryczne Pozna\u0144","url":"https:\/\/uslugi-elektryczne-poznan.pl\/","logo":{"@type":"ImageObject","inLanguage":"pl-PL","@id":"https:\/\/uslugi-elektryczne-poznan.pl\/#\/schema\/logo\/image\/","url":"https:\/\/uslugi-elektryczne-poznan.pl\/wp-content\/uploads\/2026\/02\/uslugi-elektryczne-poznan.png","contentUrl":"https:\/\/uslugi-elektryczne-poznan.pl\/wp-content\/uploads\/2026\/02\/uslugi-elektryczne-poznan.png","width":200,"height":200,"caption":"Us\u0142ugi elektryczne Pozna\u0144"},"image":{"@id":"https:\/\/uslugi-elektryczne-poznan.pl\/#\/schema\/logo\/image\/"}}]}},"_links":{"self":[{"href":"https:\/\/uslugi-elektryczne-poznan.pl\/index.php\/wp-json\/wp\/v2\/pages\/18","targetHints":{"allow":["GET"]}}],"collection":[{"href":"https:\/\/uslugi-elektryczne-poznan.pl\/index.php\/wp-json\/wp\/v2\/pages"}],"about":[{"href":"https:\/\/uslugi-elektryczne-poznan.pl\/index.php\/wp-json\/wp\/v2\/types\/page"}],"author":[{"embeddable":true,"href":"https:\/\/uslugi-elektryczne-poznan.pl\/index.php\/wp-json\/wp\/v2\/users\/1"}],"replies":[{"embeddable":true,"href":"https:\/\/uslugi-elektryczne-poznan.pl\/index.php\/wp-json\/wp\/v2\/comments?post=18"}],"version-history":[{"count":67,"href":"https:\/\/uslugi-elektryczne-poznan.pl\/index.php\/wp-json\/wp\/v2\/pages\/18\/revisions"}],"predecessor-version":[{"id":97,"href":"https:\/\/uslugi-elektryczne-poznan.pl\/index.php\/wp-json\/wp\/v2\/pages\/18\/revisions\/97"}],"wp:attachment":[{"href":"https:\/\/uslugi-elektryczne-poznan.pl\/index.php\/wp-json\/wp\/v2\/media?parent=18"}],"curies":[{"name":"wp","href":"https:\/\/api.w.org\/{rel}","templated":true}]}}